{"id":5738,"date":"2021-06-09T17:04:06","date_gmt":"2021-06-09T15:04:06","guid":{"rendered":"https:\/\/argentinaculturalservices.nl\/versie2\/communications-consultancy\/"},"modified":"2021-10-21T13:13:35","modified_gmt":"2021-10-21T11:13:35","slug":"consultoria-de-comunicacion","status":"publish","type":"page","link":"https:\/\/argentinaculturalservices.nl\/es\/consultoria-de-comunicacion\/","title":{"rendered":"Consultor\u00eda de comunicaci\u00f3n"},"content":{"rendered":"<div class=\"wpb-content-wrapper\"><p>[vc_row gap=\u00bb35&#8243; equal_height=\u00bbyes\u00bb css=\u00bb.vc_custom_1623081857139{margin-top: -70px !important;margin-bottom: 35px !important;}\u00bb][vc_column][vc_column_text]<\/p>\n<h1>Decodificamos cultura<\/h1>\n<p>[\/vc_column_text][\/vc_column][\/vc_row][vc_row gap=\u00bb35&#8243; equal_height=\u00bbyes\u00bb css=\u00bb.vc_custom_1623082736218{margin-top: -70px !important;margin-bottom: 35px !important;}\u00bb][vc_column width=\u00bb1\/2&#8243; el_class=\u00bbkader\u00bb][vc_column_text]No siempre somos conscientes de las diferencias culturales y eso puede repercutir negativamente en el \u00e9xito de un proyecto internacional. Incluso en el mundo globalizado, los comportamientos y prejuicios pueden ser un gran obst\u00e1culo si no se tienen en cuenta. Llevamos muchos a\u00f1os estudiando esas diferencias y hemos compartido nuestro conocimiento y experiencia en varias publicaciones. Durante los programas de formaci\u00f3n de gesti\u00f3n intercultural para expatriados, colaboramos con las empresas que desean incorporar la dimensi\u00f3n cultural en sus estrategias.<\/p>\n<p>En lo referente a asociaciones estrat\u00e9gicas, trabajamos con empresas latinoamericanas que buscan vincularse con posibles socios en Europa y con compa\u00f1\u00edas europeas que desean contactarse con sus contrapartes en el hemisferio sur. La gesti\u00f3n intercultural es clave cuando el objetivo es construir relaciones duraderas, ya que ambas partes deben superar las diferencias culturales para trabajar conjuntamente. Entre otros, colaboramos con productores de Am\u00e9rica Latina para encontrar importadores o distribuidores en la regi\u00f3n del Benelux.[\/vc_column_text][\/vc_column][vc_column width=\u00bb1\/2&#8243; el_class=\u00bbkader\u00bb]<div class=\"standard-arrow bullet-top\"><p><strong>Publicaciones<\/strong><\/p>\n<ul>\n<li>\u2018One Foot on Either Shore, A Dutch-Argentine Portrait\u2019, Graciela Prosperi, un libro sobre las diferencias culturales entre Pa\u00edses Bajos y Argentina<\/li>\n<li>Art\u00edculos para Residence, AD Magazine, The\u00a0Bijenkorf\u00a0Magazine, Roundabout y De\u00a0Haagsche Courant<\/li>\n<\/ul>\n<\/div>[\/vc_column][\/vc_row][vc_row el_class=\u00bbcalltoaction\u00bb][vc_column][vc_column_text]<\/p>\n<h3>Podemos coordinar una reuni\u00f3n para conversar sobre su pr\u00f3ximo proyecto<\/h3>\n<p>[\/vc_column_text]\n\t\t\t<div class=\"ult_dual_button  ult-adjust-bottom-margin to-center  \"  data-response=\"on\" id=\"ult_btn_1785856430\">\n\n\t\t\t<div id=\"dualbtn-1570\" class=\"ulitmate_dual_buttons ult-dual-btn3 ult_main_dualbtn \" data-bcolor=\"#333333\"data-bhcolor=\"\">\n\n\t\t\t<div class=\"ult_dualbutton-wrapper btn-inline place-template bt1 \"><a href=\"tel:0031652600055\"  class=\"ult_ivan_button round-square with-icon icon-before with-text place-template ult_dual1\" style=\";margin-right:px;;background-color:#ffffff !important;; border-color:#333333;border-style:;border-width:0px;border-radius:1px;;\">\n\t\t\t<span class=\"ult-dual-btn-1 Style 2\" style=\"\"  data-bgcolor=\"#ffffff\" data-bghovercolor=\"#f4a510\" data-icon_color=\"#f4a510\" data-icon_hover_color=\"#ffffff\" data-textcolor=\"#333333\" data-texthovercolor=\"#333333\" data-iconbgcolor=\"transperent\" data-iconbghovercolor=\"transperent\" data-iconborder=\"transperent\" data-iconhoverborder=\"transperent\" >\n\t\t\t<span class=\"icon-simple icon-left1 ult_btn1span \"  style=\"; \">\n<span class=\"aio-icon btn1icon none \"  style=\"color:#f4a510;font-size:32px;\">\n\t<i class=\"icomoon-the7-font-the7-phone-051\" ><\/i>\n<\/span><\/span>\n\t\t\t<span class=\"text-btn ult-dual-button-title ult-responsive\"  data-ultimate-target='#dualbtn-1570 .ult-dual-button-title'  data-responsive-json-new='{\"font-size\":\"desktop:15px;\",\"line-height\":\"desktop:15px;\"}'  style=\"font-weight:normal;color:#333333;\">+31 6 526 000 55<\/span>\n\n\t\t\t<\/span>\n\t\t\t<\/a><span class=\"middle-text\" style=\"line-height: 1.8em;color:#ffffff;background-color:#333333;border-width:0px;\">\n\t\t\t<span class=\"middle-inner\"  >o<\/span>\n\t\t\t<\/span>\n\n\t\t\t<\/div>\n\n\t\t\t<div class=\"ult_dualbutton-wrapper btn-inline place-template btn2 \"><a href=\"mailto:graciela@argentinaculturalservices.nl\"  class=\"ult_ivan_button round-square with-icon icon-after with-text place-template ult_dual2\"  style=\";background-color:#ffffff !important;;margin-left:px;;border-color:#333333;border-style:;border-width:0px;border-radius:1px;\">\n\t\t\t<span class=\"ult-dual-btn-2 Style 2\"  data-bgcolor=\"#ffffff\" data-bghovercolor=\"#f4a510\" data-icon_color=\"#f4a510\" data-icon_hover_color=\"#ffffff\" data-textcolor=\"#333333\" data-texthovercolor=\"#333333\" data-iconbgcolor=\"transperent\" data-iconbghovercolor=\"transperent\" data-iconborder=\"transperent\" data-iconhoverborder=\"transperent\" >\n\t\t\t<span class=\"text-btn ult-dual-button-title\" style=\"font-weight:normal;color:#333333;\">env\u00edenos un correo<\/span>\n\n\t\t\t<span class=\"icon-simple icon-right2 ult_btn1span \"  style=\"; \">\n<span class=\"aio-icon btn1icon none \"  style=\"color:#f4a510;font-size:32px;display:inline-block;\">\n\t<i class=\"icomoon-the7-font-the7-mail-03\" ><\/i>\n<\/span><\/span>\n\t\t\t<\/span>\n\t\t\t<\/a><\/div>\n\t\t\t<\/div>\n\t\t\t<\/div>[\/vc_column][\/vc_row]<\/p>\n<\/div>","protected":false},"excerpt":{"rendered":"<p>[vc_row gap=\u00bb35&#8243; equal_height=\u00bbyes\u00bb css=\u00bb.vc_custom_1623081857139{margin-top: -70px !important;margin-bottom: 35px !important;}\u00bb][vc_column][vc_column_text] Decodificamos cultura [\/vc_column_text][\/vc_column][\/vc_row][vc_row gap=\u00bb35&#8243; equal_height=\u00bbyes\u00bb css=\u00bb.vc_custom_1623082736218{margin-top: -70px !important;margin-bottom: 35px !important;}\u00bb][vc_column width=\u00bb1\/2&#8243; el_class=\u00bbkader\u00bb][vc_column_text]No siempre somos conscientes de las diferencias culturales y eso puede repercutir negativamente en el \u00e9xito de un proyecto internacional. Incluso en el mundo globalizado, los comportamientos y prejuicios pueden ser un gran obst\u00e1culo si no&hellip;<\/p>\n","protected":false},"author":1,"featured_media":0,"parent":0,"menu_order":0,"comment_status":"closed","ping_status":"closed","template":"","meta":{"footnotes":""},"class_list":["post-5738","page","type-page","status-publish","hentry","description-off"],"yoast_head":"<!-- This site is optimized with the Yoast SEO plugin v27.5 - https:\/\/yoast.com\/product\/yoast-seo-wordpress\/ -->\n<title>Consultor\u00eda de comunicaci\u00f3n - Argentina Cultural Services<\/title>\n<meta name=\"description\" content=\"Gesti\u00f3n intercultural para proyectos bilaterales e internacionales. Asesoramiento y consultor\u00eda para Pa\u00edses Bajos y Am\u00e9rica Latina.\" \/>\n<meta name=\"robots\" content=\"index, follow, max-snippet:-1, max-image-preview:large, max-video-preview:-1\" \/>\n<link rel=\"canonical\" href=\"https:\/\/argentinaculturalservices.nl\/es\/consultoria-de-comunicacion\/\" \/>\n<meta property=\"og:locale\" content=\"es_ES\" \/>\n<meta property=\"og:type\" content=\"article\" \/>\n<meta property=\"og:title\" content=\"Consultor\u00eda de comunicaci\u00f3n - Argentina Cultural Services\" \/>\n<meta property=\"og:description\" content=\"Gesti\u00f3n intercultural para proyectos bilaterales e internacionales. Asesoramiento y consultor\u00eda para Pa\u00edses Bajos y Am\u00e9rica Latina.\" \/>\n<meta property=\"og:url\" content=\"https:\/\/argentinaculturalservices.nl\/es\/consultoria-de-comunicacion\/\" \/>\n<meta property=\"og:site_name\" content=\"Argentina Cultural Services\" \/>\n<meta property=\"article:modified_time\" content=\"2021-10-21T11:13:35+00:00\" \/>\n<meta property=\"og:image\" content=\"https:\/\/argentinaculturalservices.nl\/wp-content\/uploads\/2022\/01\/logo-social1200-500.jpg\" \/>\n\t<meta property=\"og:image:width\" content=\"1200\" \/>\n\t<meta property=\"og:image:height\" content=\"528\" \/>\n\t<meta property=\"og:image:type\" content=\"image\/jpeg\" \/>\n<meta name=\"twitter:card\" content=\"summary_large_image\" \/>\n<meta name=\"twitter:label1\" content=\"Tiempo de lectura\" \/>\n\t<meta name=\"twitter:data1\" content=\"2 minutos\" \/>\n<script type=\"application\/ld+json\" class=\"yoast-schema-graph\">{\"@context\":\"https:\\\/\\\/schema.org\",\"@graph\":[{\"@type\":\"WebPage\",\"@id\":\"https:\\\/\\\/argentinaculturalservices.nl\\\/es\\\/consultoria-de-comunicacion\\\/\",\"url\":\"https:\\\/\\\/argentinaculturalservices.nl\\\/es\\\/consultoria-de-comunicacion\\\/\",\"name\":\"Consultor\u00eda de comunicaci\u00f3n - Argentina Cultural Services\",\"isPartOf\":{\"@id\":\"https:\\\/\\\/argentinaculturalservices.nl\\\/#website\"},\"datePublished\":\"2021-06-09T15:04:06+00:00\",\"dateModified\":\"2021-10-21T11:13:35+00:00\",\"description\":\"Gesti\u00f3n intercultural para proyectos bilaterales e internacionales. Asesoramiento y consultor\u00eda para Pa\u00edses Bajos y Am\u00e9rica Latina.\",\"breadcrumb\":{\"@id\":\"https:\\\/\\\/argentinaculturalservices.nl\\\/es\\\/consultoria-de-comunicacion\\\/#breadcrumb\"},\"inLanguage\":\"es\",\"potentialAction\":[{\"@type\":\"ReadAction\",\"target\":[\"https:\\\/\\\/argentinaculturalservices.nl\\\/es\\\/consultoria-de-comunicacion\\\/\"]}]},{\"@type\":\"BreadcrumbList\",\"@id\":\"https:\\\/\\\/argentinaculturalservices.nl\\\/es\\\/consultoria-de-comunicacion\\\/#breadcrumb\",\"itemListElement\":[{\"@type\":\"ListItem\",\"position\":1,\"name\":\"Home\",\"item\":\"https:\\\/\\\/argentinaculturalservices.nl\\\/es\\\/\"},{\"@type\":\"ListItem\",\"position\":2,\"name\":\"Consultor\u00eda de comunicaci\u00f3n\"}]},{\"@type\":\"WebSite\",\"@id\":\"https:\\\/\\\/argentinaculturalservices.nl\\\/#website\",\"url\":\"https:\\\/\\\/argentinaculturalservices.nl\\\/\",\"name\":\"Argentina Cultural Services\",\"description\":\"Argentina and Latin America Consultancy\",\"publisher\":{\"@id\":\"https:\\\/\\\/argentinaculturalservices.nl\\\/#organization\"},\"potentialAction\":[{\"@type\":\"SearchAction\",\"target\":{\"@type\":\"EntryPoint\",\"urlTemplate\":\"https:\\\/\\\/argentinaculturalservices.nl\\\/?s={search_term_string}\"},\"query-input\":{\"@type\":\"PropertyValueSpecification\",\"valueRequired\":true,\"valueName\":\"search_term_string\"}}],\"inLanguage\":\"es\"},{\"@type\":\"Organization\",\"@id\":\"https:\\\/\\\/argentinaculturalservices.nl\\\/#organization\",\"name\":\"Argentina Cultural Services\",\"url\":\"https:\\\/\\\/argentinaculturalservices.nl\\\/\",\"logo\":{\"@type\":\"ImageObject\",\"inLanguage\":\"es\",\"@id\":\"https:\\\/\\\/argentinaculturalservices.nl\\\/#\\\/schema\\\/logo\\\/image\\\/\",\"url\":\"https:\\\/\\\/argentinaculturalservices.nl\\\/wp-content\\\/uploads\\\/2018\\\/06\\\/acs-logo-retina-inverse.png\",\"contentUrl\":\"https:\\\/\\\/argentinaculturalservices.nl\\\/wp-content\\\/uploads\\\/2018\\\/06\\\/acs-logo-retina-inverse.png\",\"width\":1200,\"height\":90,\"caption\":\"Argentina Cultural Services\"},\"image\":{\"@id\":\"https:\\\/\\\/argentinaculturalservices.nl\\\/#\\\/schema\\\/logo\\\/image\\\/\"},\"sameAs\":[\"https:\\\/\\\/www.instagram.com\\\/argentinaculturalservices\\\/\",\"https:\\\/\\\/www.linkedin.com\\\/in\\\/graciela-prosperi-0408637\\\/\"]}]}<\/script>\n<!-- \/ Yoast SEO plugin. -->","yoast_head_json":{"title":"Consultor\u00eda de comunicaci\u00f3n - Argentina Cultural Services","description":"Gesti\u00f3n intercultural para proyectos bilaterales e internacionales. Asesoramiento y consultor\u00eda para Pa\u00edses Bajos y Am\u00e9rica Latina.","robots":{"index":"index","follow":"follow","max-snippet":"max-snippet:-1","max-image-preview":"max-image-preview:large","max-video-preview":"max-video-preview:-1"},"canonical":"https:\/\/argentinaculturalservices.nl\/es\/consultoria-de-comunicacion\/","og_locale":"es_ES","og_type":"article","og_title":"Consultor\u00eda de comunicaci\u00f3n - Argentina Cultural Services","og_description":"Gesti\u00f3n intercultural para proyectos bilaterales e internacionales. Asesoramiento y consultor\u00eda para Pa\u00edses Bajos y Am\u00e9rica Latina.","og_url":"https:\/\/argentinaculturalservices.nl\/es\/consultoria-de-comunicacion\/","og_site_name":"Argentina Cultural Services","article_modified_time":"2021-10-21T11:13:35+00:00","og_image":[{"width":1200,"height":528,"url":"https:\/\/argentinaculturalservices.nl\/wp-content\/uploads\/2022\/01\/logo-social1200-500.jpg","type":"image\/jpeg"}],"twitter_card":"summary_large_image","twitter_misc":{"Tiempo de lectura":"2 minutos"},"schema":{"@context":"https:\/\/schema.org","@graph":[{"@type":"WebPage","@id":"https:\/\/argentinaculturalservices.nl\/es\/consultoria-de-comunicacion\/","url":"https:\/\/argentinaculturalservices.nl\/es\/consultoria-de-comunicacion\/","name":"Consultor\u00eda de comunicaci\u00f3n - Argentina Cultural Services","isPartOf":{"@id":"https:\/\/argentinaculturalservices.nl\/#website"},"datePublished":"2021-06-09T15:04:06+00:00","dateModified":"2021-10-21T11:13:35+00:00","description":"Gesti\u00f3n intercultural para proyectos bilaterales e internacionales. Asesoramiento y consultor\u00eda para Pa\u00edses Bajos y Am\u00e9rica Latina.","breadcrumb":{"@id":"https:\/\/argentinaculturalservices.nl\/es\/consultoria-de-comunicacion\/#breadcrumb"},"inLanguage":"es","potentialAction":[{"@type":"ReadAction","target":["https:\/\/argentinaculturalservices.nl\/es\/consultoria-de-comunicacion\/"]}]},{"@type":"BreadcrumbList","@id":"https:\/\/argentinaculturalservices.nl\/es\/consultoria-de-comunicacion\/#breadcrumb","itemListElement":[{"@type":"ListItem","position":1,"name":"Home","item":"https:\/\/argentinaculturalservices.nl\/es\/"},{"@type":"ListItem","position":2,"name":"Consultor\u00eda de comunicaci\u00f3n"}]},{"@type":"WebSite","@id":"https:\/\/argentinaculturalservices.nl\/#website","url":"https:\/\/argentinaculturalservices.nl\/","name":"Argentina Cultural Services","description":"Argentina and Latin America Consultancy","publisher":{"@id":"https:\/\/argentinaculturalservices.nl\/#organization"},"potentialAction":[{"@type":"SearchAction","target":{"@type":"EntryPoint","urlTemplate":"https:\/\/argentinaculturalservices.nl\/?s={search_term_string}"},"query-input":{"@type":"PropertyValueSpecification","valueRequired":true,"valueName":"search_term_string"}}],"inLanguage":"es"},{"@type":"Organization","@id":"https:\/\/argentinaculturalservices.nl\/#organization","name":"Argentina Cultural Services","url":"https:\/\/argentinaculturalservices.nl\/","logo":{"@type":"ImageObject","inLanguage":"es","@id":"https:\/\/argentinaculturalservices.nl\/#\/schema\/logo\/image\/","url":"https:\/\/argentinaculturalservices.nl\/wp-content\/uploads\/2018\/06\/acs-logo-retina-inverse.png","contentUrl":"https:\/\/argentinaculturalservices.nl\/wp-content\/uploads\/2018\/06\/acs-logo-retina-inverse.png","width":1200,"height":90,"caption":"Argentina Cultural Services"},"image":{"@id":"https:\/\/argentinaculturalservices.nl\/#\/schema\/logo\/image\/"},"sameAs":["https:\/\/www.instagram.com\/argentinaculturalservices\/","https:\/\/www.linkedin.com\/in\/graciela-prosperi-0408637\/"]}]}},"_links":{"self":[{"href":"https:\/\/argentinaculturalservices.nl\/es\/wp-json\/wp\/v2\/pages\/5738","targetHints":{"allow":["GET"]}}],"collection":[{"href":"https:\/\/argentinaculturalservices.nl\/es\/wp-json\/wp\/v2\/pages"}],"about":[{"href":"https:\/\/argentinaculturalservices.nl\/es\/wp-json\/wp\/v2\/types\/page"}],"author":[{"embeddable":true,"href":"https:\/\/argentinaculturalservices.nl\/es\/wp-json\/wp\/v2\/users\/1"}],"replies":[{"embeddable":true,"href":"https:\/\/argentinaculturalservices.nl\/es\/wp-json\/wp\/v2\/comments?post=5738"}],"version-history":[{"count":0,"href":"https:\/\/argentinaculturalservices.nl\/es\/wp-json\/wp\/v2\/pages\/5738\/revisions"}],"wp:attachment":[{"href":"https:\/\/argentinaculturalservices.nl\/es\/wp-json\/wp\/v2\/media?parent=5738"}],"curies":[{"name":"wp","href":"https:\/\/api.w.org\/{rel}","templated":true}]}}